{"id":532,"date":"2015-08-19T18:33:20","date_gmt":"2015-08-19T16:33:20","guid":{"rendered":"https:\/\/www.ovsrl.it\/home-page"},"modified":"2020-04-22T15:14:51","modified_gmt":"2020-04-22T13:14:51","slug":"home-page","status":"publish","type":"page","link":"https:\/\/www.ovsrl.it\/fr","title":{"rendered":"Home Page"},"content":{"rendered":"<div id='full_slider_1'  class='avia-fullwidth-slider main_color avia-shadow   avia-builder-el-0  el_before_av_section  avia-builder-el-first   container_wrap sidebar_right' style=' '  ><div   data-size='featured'  data-lightbox_size='large'  data-animation='slide'  data-conditional_play=''  data-ids='771,772,773,774,775'  data-video_counter='0'  data-autoplay='false'  data-bg_slider='false'  data-slide_height=''  data-handle='av_slideshow_full'  data-interval='5'  data-class=' '  data-el_id=''  data-css_id=''  data-scroll_down=''  data-control_layout='av-control-default'  data-custom_markup=''  data-perma_caption=''  data-autoplay_stopper=''  data-image_attachment=''  data-min_height='0px'  data-src=''  data-position='top left'  data-repeat='no-repeat'  data-attach='scroll'  data-stretch=''  data-default-height='28.666666666667'  class='avia-slideshow avia-slideshow-1  av-control-default av-default-height-applied avia-slideshow-featured av_slideshow_full   avia-slide-slider '  itemprop=\"image\" itemscope=\"itemscope\" itemtype=\"https:\/\/schema.org\/ImageObject\" ><ul class='avia-slideshow-inner ' style='padding-bottom: 32.824427480916%;' ><li  class=' slide-1 ' ><div data-rel='slideshow-1' class='avia-slide-wrap '   ><img src='https:\/\/www.ovsrl.it\/wp-content\/uploads\/2015\/08\/slide01-1310x430.jpg' width='1310' height='430' title='' alt=''  itemprop=\"thumbnailUrl\"   \/><\/div><\/li><li  class=' slide-2 ' ><div data-rel='slideshow-1' class='avia-slide-wrap '   ><img src='https:\/\/www.ovsrl.it\/wp-content\/uploads\/2015\/08\/slide02-1310x430.jpg' width='1310' height='430' title='' alt=''  itemprop=\"thumbnailUrl\"   \/><\/div><\/li><li  class=' slide-3 ' ><div data-rel='slideshow-1' class='avia-slide-wrap '   ><img src='https:\/\/www.ovsrl.it\/wp-content\/uploads\/2015\/08\/slide03-1310x430.jpg' width='1310' height='430' title='' alt=''  itemprop=\"thumbnailUrl\"   \/><\/div><\/li><li  class=' slide-4 ' ><div data-rel='slideshow-1' class='avia-slide-wrap '   ><img src='https:\/\/www.ovsrl.it\/wp-content\/uploads\/2015\/08\/slide04-1310x430.jpg' width='1310' height='430' title='' alt=''  itemprop=\"thumbnailUrl\"   \/><\/div><\/li><li  class=' slide-5 ' ><div data-rel='slideshow-1' class='avia-slide-wrap '   ><img src='https:\/\/www.ovsrl.it\/wp-content\/uploads\/2015\/08\/slide05-1310x430.jpg' width='1310' height='430' title='' alt=''  itemprop=\"thumbnailUrl\"   \/><\/div><\/li><\/ul><div class='avia-slideshow-arrows avia-slideshow-controls'><a href='#prev' class='prev-slide' aria-hidden='true' data-av_icon='\ue87c' data-av_iconfont='entypo-fontello'>Pr\u00e9c\u00e9dent<\/a><a href='#next' class='next-slide' aria-hidden='true' data-av_icon='\ue87d' data-av_iconfont='entypo-fontello'>Suivant<\/a><\/div><div class='avia-slideshow-dots avia-slideshow-controls'><a href='#1' class='goto-slide active' >1<\/a><a href='#2' class='goto-slide ' >2<\/a><a href='#3' class='goto-slide ' >3<\/a><a href='#4' class='goto-slide ' >4<\/a><a href='#5' class='goto-slide ' >5<\/a><\/div><\/div><\/div>\n<div id='av_section_1'  class='avia-section main_color avia-section-default avia-no-shadow  avia-bg-style-scroll  avia-builder-el-1  el_after_av_slideshow_full  el_before_av_section   container_wrap sidebar_right' style=' '  ><div class='container' ><div class='template-page content  av-content-small alpha units'><div class='post-entry post-entry-type-page post-entry-532'><div class='entry-content-wrapper clearfix'>\n<div class=\"flex_column av_one_third  flex_column_div av-zero-column-padding first  avia-builder-el-2  el_before_av_one_third  avia-builder-el-first  \" style='border-radius:0px; '><article  class=\"iconbox iconbox_top main_color    avia-builder-el-3  avia-builder-el-no-sibling  \"  itemscope=\"itemscope\" itemtype=\"https:\/\/schema.org\/CreativeWork\" ><div class=\"iconbox_content\"><header class=\"entry-content-header\"><div class=\"iconbox_icon heading-color \" aria-hidden='true' data-av_icon='\ue855' data-av_iconfont='entypo-fontello'  ><\/div><h3 class='iconbox_content_title  '  itemprop=\"headline\"  >AUTOMATISATION<\/h3><\/header><div class='iconbox_content_container  '  itemprop=\"text\"  ><p>Nous fournissons un service d&rsquo;automatisation et d&rsquo;ing\u00e9nierie pour tous les secteurs de l&rsquo;automatisation et nous offrons des services complets et comp\u00e9titifs.<\/p>\n<\/div><\/div><footer class=\"entry-footer\"><\/footer><\/article><\/div><div class=\"flex_column av_one_third  flex_column_div av-zero-column-padding   avia-builder-el-4  el_after_av_one_third  el_before_av_one_third  \" style='border-radius:0px; '><article  class=\"iconbox iconbox_top main_color    avia-builder-el-5  avia-builder-el-no-sibling  \"  itemscope=\"itemscope\" itemtype=\"https:\/\/schema.org\/CreativeWork\" ><div class=\"iconbox_content\"><header class=\"entry-content-header\"><div class=\"iconbox_icon heading-color \" aria-hidden='true' data-av_icon='\ue864' data-av_iconfont='entypo-fontello'  ><\/div><h3 class='iconbox_content_title  '  itemprop=\"headline\"  >NOTRE EXP\u00c9RIENCE<\/h3><\/header><div class='iconbox_content_container  '  itemprop=\"text\"  ><p>Nous poss\u00e9dons une exp\u00e9rience s\u2019\u00e9tendant sur plus de quarante ans dans le domaine de l&rsquo;ol\u00e9odynamique et de l&rsquo;automatisation.<\/p>\n<\/div><\/div><footer class=\"entry-footer\"><\/footer><\/article><\/div><div class=\"flex_column av_one_third  flex_column_div av-zero-column-padding   avia-builder-el-6  el_after_av_one_third  avia-builder-el-last  \" style='border-radius:0px; '><article  class=\"iconbox iconbox_top main_color    avia-builder-el-7  avia-builder-el-no-sibling  \"  itemscope=\"itemscope\" itemtype=\"https:\/\/schema.org\/CreativeWork\" ><div class=\"iconbox_content\"><header class=\"entry-content-header\"><div class=\"iconbox_icon heading-color \" aria-hidden='true' data-av_icon='\ue81c' data-av_iconfont='entypo-fontello'  ><\/div><h3 class='iconbox_content_title  '  itemprop=\"headline\"  >ASSISTANCE<\/h3><\/header><div class='iconbox_content_container  '  itemprop=\"text\"  ><p>Service d\u2019assistance et service apr\u00e8s-vente, possibilit\u00e9 de proc\u00e9der \u00e0 des essais et \u00e0 des mises en service directement sur les chantiers.<\/p>\n<\/div><\/div><footer class=\"entry-footer\"><\/footer><\/article><\/div>\n\n<\/div><\/div><\/div><!-- close content main div --><\/div><\/div><div id='av_section_2'  class='avia-section alternate_color avia-section-default avia-no-shadow  avia-bg-style-scroll  avia-builder-el-8  el_after_av_section  el_before_av_section   container_wrap sidebar_right' style=' '  ><div class='container' ><div class='template-page content  av-content-small alpha units'><div class='post-entry post-entry-type-page post-entry-532'><div class='entry-content-wrapper clearfix'>\n<div class=\"flex_column av_one_half  flex_column_div av-zero-column-padding first  avia-builder-el-9  el_before_av_one_half  avia-builder-el-first  \" style='border-radius:0px; '><section class=\"av_textblock_section \"  itemscope=\"itemscope\" itemtype=\"https:\/\/schema.org\/CreativeWork\" ><div class='avia_textblock  '   itemprop=\"text\" ><h2>Nos Travaux<\/h2>\n<\/div><\/section><br \/>\n<div  class='avia-button-wrap avia-button-center  avia-builder-el-11  el_after_av_textblock  el_before_av_hr ' ><a href='https:\/\/www.ovsrl.it\/i-nostri-lavori'  class='avia-button   avia-icon_select-yes-left-icon avia-color-theme-color avia-size-small avia-position-center '   ><span class='avia_button_icon avia_button_icon_left ' aria-hidden='true' data-av_icon='\ue856' data-av_iconfont='entypo-fontello'><\/span><span class='avia_iconbox_title' >Portfolio<\/span><\/a><\/div><br \/>\n<div   class='hr hr-default   avia-builder-el-12  el_after_av_button  el_before_av_textblock '><span class='hr-inner ' ><span class='hr-inner-style'><\/span><\/span><\/div><br \/>\n<section class=\"av_textblock_section \"  itemscope=\"itemscope\" itemtype=\"https:\/\/schema.org\/CreativeWork\" ><div class='avia_textblock  '   itemprop=\"text\" ><h2>SERVICES<\/h2>\n<\/div><\/section><br \/>\n<div  class='avia-button-wrap avia-button-center  avia-builder-el-14  el_after_av_textblock  avia-builder-el-last ' ><a href='https:\/\/www.ovsrl.it\/servizi'  class='avia-button   avia-icon_select-yes-left-icon avia-color-theme-color avia-size-small avia-position-center '   ><span class='avia_button_icon avia_button_icon_left ' aria-hidden='true' data-av_icon='\ue804' data-av_iconfont='entypo-fontello'><\/span><span class='avia_iconbox_title' >Services<\/span><\/a><\/div><\/p><\/div><div class=\"flex_column av_one_half  flex_column_div av-zero-column-padding   avia-builder-el-15  el_after_av_one_half  avia-builder-el-last  \" style='border-radius:0px; '><section class=\"av_textblock_section \"  itemscope=\"itemscope\" itemtype=\"https:\/\/schema.org\/CreativeWork\" ><div class='avia_textblock  '   itemprop=\"text\" ><h2>DOMAINES DE COMP\u00c9TENCE<\/h2>\n<\/div><\/section><br \/>\n<div  class=\"tabcontainer   sidebar_tab sidebar_tab_left noborder_tabs  avia-builder-el-17  el_after_av_textblock  avia-builder-el-last \">\n\n<section class=\"av_tab_section\"  itemscope=\"itemscope\" itemtype=\"https:\/\/schema.org\/CreativeWork\" ><div aria-controls=\"tab-id-1\" role=\"tab\" tabindex=\"0\" data-fake-id=\"#tab-id-1\" class=\"tab active_tab\"  itemprop=\"headline\" >AUTOMATISATION ET ING\u00c9NIERIE<\/div>\n<div id=\"tab-id-1-container\" class=\"tab_content active_tab_content\" aria-hidden=\"false\">\n<div class=\"tab_inner_content invers-color\"  itemprop=\"text\" >\n<p>L\u2019entreprise OV srl offre <strong>un service d&rsquo;automatisation et d&rsquo;ing\u00e9nierie <\/strong>de haut niveau dans tous les secteurs de la production industrielle.<\/p>\n<p>Nous sommes en mesure de d\u00e9velopper et de r\u00e9aliser des projets d\u00e9di\u00e9s aux <strong>secteurs industriels<\/strong> les plus divers, destin\u00e9s avant tout aux besoins des constructeurs de machines et de lignes de production dans tous les secteurs.<\/p>\n\n<\/div>\n<\/div>\n<\/section>\n\n<section class=\"av_tab_section\"  itemscope=\"itemscope\" itemtype=\"https:\/\/schema.org\/CreativeWork\" ><div aria-controls=\"tab-id-2\" role=\"tab\" tabindex=\"0\" data-fake-id=\"#tab-id-2\" class=\"tab \"  itemprop=\"headline\" >SOLUTION D\u2019AUTOMATISATION<\/div>\n<div id=\"tab-id-2-container\" class=\"tab_content \" aria-hidden=\"true\">\n<div class=\"tab_inner_content invers-color\"  itemprop=\"text\" >\n<p>OV srl est donc en mesure d&rsquo;\u00e9tudier le projet avec le client et de fournir les solutions d&rsquo;automatisation les plus appropri\u00e9es, en garantissant <strong>\u00a0des produits et des services \u00e0 l\u2019avant-garde.<\/strong><\/p>\n<p>La structure d\u2019OV srl, en particulier, se compose de deux d\u00e9partements techniques, \u00e0 savoir le d\u00e9partement ol\u00e9odynamique et le d\u00e9partement \u00e9lectrique-\u00e9lectronique.<\/p>\n\n<\/div>\n<\/div>\n<\/section>\n\n<section class=\"av_tab_section\"  itemscope=\"itemscope\" itemtype=\"https:\/\/schema.org\/CreativeWork\" ><div aria-controls=\"tab-id-3\" role=\"tab\" tabindex=\"0\" data-fake-id=\"#tab-id-3\" class=\"tab \"  itemprop=\"headline\" >OL\u00c9ODYNAMIQUE<\/div>\n<div id=\"tab-id-3-container\" class=\"tab_content \" aria-hidden=\"true\">\n<div class=\"tab_inner_content invers-color\"  itemprop=\"text\" >\n<p>Le d\u00e9partement Ol\u00e9odynamique d\u00e9veloppe des <strong>projets et s\u2019occupe de la production de centrales ol\u00e9odynamiques<\/strong> <strong>et de lubrification<\/strong>, de cylindres ol\u00e9odynamiques r\u00e9pondant aux normes 6020\/2, 6022 mais \u00e9galement de cylindres sp\u00e9ciaux r\u00e9pondant aux dessins du client ou r\u00e9alis\u00e9s au sein de l\u2019entreprise en fonction des sp\u00e9cifications demand\u00e9es.<\/p>\n\n<\/div>\n<\/div>\n<\/section>\n\n<section class=\"av_tab_section\"  itemscope=\"itemscope\" itemtype=\"https:\/\/schema.org\/CreativeWork\" ><div aria-controls=\"tab-id-4\" role=\"tab\" tabindex=\"0\" data-fake-id=\"#tab-id-4\" class=\"tab \"  itemprop=\"headline\" >\u00c9LECTRONIQUE<\/div>\n<div id=\"tab-id-4-container\" class=\"tab_content \" aria-hidden=\"true\">\n<div class=\"tab_inner_content invers-color\"  itemprop=\"text\" >\n<p>Le service \u00e9lectrique s\u2019occupe du<strong> d\u00e9veloppement de projets d\u2019appareillages \u00e9lectriques<\/strong> de puissance et de contr\u00f4le, de la r\u00e9alisation de logiciels de contr\u00f4le, de gestion, de s\u00e9curit\u00e9 et pour tout autre besoin, avec les syst\u00e8mes de d\u00e9veloppement les plus avanc\u00e9s impos\u00e9s par le march\u00e9.<\/p>\n\n<\/div>\n<\/div>\n<\/section>\n\n<section class=\"av_tab_section\"  itemscope=\"itemscope\" itemtype=\"https:\/\/schema.org\/CreativeWork\" ><div aria-controls=\"tab-id-5\" role=\"tab\" tabindex=\"0\" data-fake-id=\"#tab-id-5\" class=\"tab \"  itemprop=\"headline\" >ASSISTANCE ET SERVICE APR\u00c8S-VENTE<\/div>\n<div id=\"tab-id-5-container\" class=\"tab_content \" aria-hidden=\"true\">\n<div class=\"tab_inner_content invers-color\"  itemprop=\"text\" >\n<p>Service d\u2019assistance et de service apr\u00e8s-vente, avec nos techniciens, nous donnant la possibilit\u00e9 de proc\u00e9der \u00e0 des <strong>essais et des mises en service<\/strong> directement sur les chantiers de l\u2019installation finale ou offrir notre aide et une t\u00e9l\u00e9assistance depuis nos bureaux.<\/p>\n\n<\/div>\n<\/div>\n<\/section>\n\n<section class=\"av_tab_section\"  itemscope=\"itemscope\" itemtype=\"https:\/\/schema.org\/CreativeWork\" ><div aria-controls=\"tab-id-6\" role=\"tab\" tabindex=\"0\" data-fake-id=\"#tab-id-6\" class=\"tab \"  itemprop=\"headline\" >ASSISTANCE DIRECTE<\/div>\n<div id=\"tab-id-6-container\" class=\"tab_content \" aria-hidden=\"true\">\n<div class=\"tab_inner_content invers-color\"  itemprop=\"text\" >\n<p>OV srl fournit \u00e9galement un <strong>service d\u2019assistance directe \u00e0 la client\u00e8le<\/strong> avec vente de pi\u00e8ces de rechange et un service de pr\u00e9paration et de raccordement de tuyaux ol\u00e9odynamiques au d\u00e9tail.<\/p>\n\n<\/div>\n<\/div>\n<\/section>\n\n<\/div>\n<\/p><\/div>\n\n<\/div><\/div><\/div><!-- close content main div --><\/div><\/div><div id='av_section_3'  class='avia-section main_color avia-section-default avia-no-shadow  avia-bg-style-scroll  avia-builder-el-18  el_after_av_section  avia-builder-el-last   container_wrap sidebar_right' style=' '  ><div class='container' ><div class='template-page content  av-content-small alpha units'><div class='post-entry post-entry-type-page post-entry-532'><div class='entry-content-wrapper clearfix'>\n<div class=\"flex_column av_one_half  flex_column_div av-zero-column-padding first  avia-builder-el-19  el_before_av_one_half  avia-builder-el-first  \" style='border-radius:0px; '><section class=\"av_textblock_section \"  itemscope=\"itemscope\" itemtype=\"https:\/\/schema.org\/CreativeWork\" ><div class='avia_textblock  '   itemprop=\"text\" ><h2>Nous sommes \u00e0 votre disposition!<\/h2>\n<\/div><\/section><br \/>\n\t<div  style='background:#ffffff;color:#2d5c88;border-color:#2d5c88;' class='av_promobox  avia-button-yes   avia-builder-el-21  el_after_av_textblock  avia-builder-el-last '>\t\t<div class='avia-promocontent'><p>\nContactez-nous imm\u00e9diatement pour toute demande de renseignements, assistance, conseil et devis.<\/p>\n<p>Tel. +39 0341 582240<\/p>\n<p>E-Mail ovsrl@ovsrl.it<\/p>\n<\/div><div  class='avia-button-wrap avia-button-right ' ><a href='https:\/\/www.ovsrl.it\/fr\/lentreprise'  class='avia-button   avia-icon_select-yes-left-icon avia-color-theme-color avia-size-large avia-position-right '   ><span class='avia_button_icon avia_button_icon_left ' aria-hidden='true' data-av_icon='\ue854' data-av_iconfont='entypo-fontello'><\/span><span class='avia_iconbox_title' >Contactes<\/span><\/a><\/div><\/div><\/p><\/div><div class=\"flex_column av_one_half  flex_column_div av-zero-column-padding   avia-builder-el-22  el_after_av_one_half  avia-builder-el-last  \" style='border-radius:0px; '><section class=\"av_textblock_section \"  itemscope=\"itemscope\" itemtype=\"https:\/\/schema.org\/CreativeWork\" ><div class='avia_textblock  '   itemprop=\"text\" ><h2>PARTENAIRES<\/h2>\n<\/div><\/section><br \/>\n<section class=\"av_textblock_section \"  itemscope=\"itemscope\" itemtype=\"https:\/\/schema.org\/CreativeWork\" ><div class='avia_textblock  '   itemprop=\"text\" ><p>Pour maintenir le haut niveau de qualit\u00e9 de nos produits, nous proposons des composants avec des partenaires de qualit\u00e9, parmi lesquels:<\/p>\n<\/div><\/section><br \/>\n<div   data-autoplay='false'  data-interval='5'  data-animation='slide'  class='avia-logo-element-container  avia-logo-grid avia-content-slider avia-smallarrow-slider avia-content-grid-active noHover avia-content-slider1 avia-content-slider-even  avia-builder-el-25  el_after_av_textblock  avia-builder-el-last  ' ><div class='avia-smallarrow-slider-heading  no-logo-slider-heading '><div class='new-special-heading'>&nbsp;<\/div><\/div><div class='avia-content-slider-inner'><div class='slide-entry-wrap' ><div data-avia-tooltip=\"Bosch Rexroth\" class='slide-entry flex_column no_margin post-entry slide-entry-overview slide-loop-1 slide-parity-odd  av_one_fourth first real-thumbnail'><span class='av-partner-fake-img' style='padding-bottom:66.428571428571%; background-image:url(https:\/\/www.ovsrl.it\/wp-content\/uploads\/2015\/08\/Bosch-Rexroth.jpg);'><\/span><\/div><div data-avia-tooltip=\"Siemens\" class='slide-entry flex_column no_margin post-entry slide-entry-overview slide-loop-2 slide-parity-even  av_one_fourth  real-thumbnail'><span class='av-partner-fake-img' style='padding-bottom:66.428571428571%; background-image:url(https:\/\/www.ovsrl.it\/wp-content\/uploads\/2015\/08\/Siemens.jpg);'><\/span><\/div><div data-avia-tooltip=\"Moog\" class='slide-entry flex_column no_margin post-entry slide-entry-overview slide-loop-3 slide-parity-odd  av_one_fourth  real-thumbnail'><span class='av-partner-fake-img' style='padding-bottom:66.428571428571%; background-image:url(https:\/\/www.ovsrl.it\/wp-content\/uploads\/2015\/08\/moog1.jpg);'><\/span><\/div><div data-avia-tooltip=\"MP Filtri\" class='slide-entry flex_column no_margin post-entry slide-entry-overview slide-loop-4 slide-parity-even  av_one_fourth  real-thumbnail'><span class='av-partner-fake-img' style='padding-bottom:66.428571428571%; background-image:url(https:\/\/www.ovsrl.it\/wp-content\/uploads\/2015\/08\/mp-filtri.jpg);'><\/span><\/div><\/div><div class='slide-entry-wrap' ><div data-avia-tooltip=\"ABB\" class='slide-entry flex_column no_margin post-entry slide-entry-overview slide-loop-5 slide-parity-odd  av_one_fourth first real-thumbnail'><span class='av-partner-fake-img' style='padding-bottom:66.428571428571%; background-image:url(https:\/\/www.ovsrl.it\/wp-content\/uploads\/2015\/08\/abb.jpg);'><\/span><\/div><div data-avia-tooltip=\"Baumueller\" class='slide-entry flex_column no_margin post-entry slide-entry-overview slide-loop-6 slide-parity-even  av_one_fourth  real-thumbnail'><span class='av-partner-fake-img' style='padding-bottom:66.428571428571%; background-image:url(https:\/\/www.ovsrl.it\/wp-content\/uploads\/2015\/08\/Baumueller.jpg);'><\/span><\/div><div data-avia-tooltip=\"Vickers\" class='slide-entry flex_column no_margin post-entry slide-entry-overview slide-loop-7 slide-parity-odd  av_one_fourth  real-thumbnail'><span class='av-partner-fake-img' style='padding-bottom:66.428571428571%; background-image:url(https:\/\/www.ovsrl.it\/wp-content\/uploads\/2015\/08\/Vickers.jpg);'><\/span><\/div><div data-avia-tooltip=\"ATOS\" class='slide-entry flex_column no_margin post-entry slide-entry-overview slide-loop-8 slide-parity-even  av_one_fourth  real-thumbnail'><span class='av-partner-fake-img' style='padding-bottom:66.428571428571%; background-image:url(https:\/\/www.ovsrl.it\/wp-content\/uploads\/2015\/08\/ATOS1.jpg);'><\/span><\/div><\/div><div class='slide-entry-wrap' ><div data-avia-tooltip=\"Duplomatic\" class='slide-entry flex_column no_margin post-entry slide-entry-overview slide-loop-9 slide-parity-odd  av_one_fourth first real-thumbnail'><span class='av-partner-fake-img' style='padding-bottom:66.428571428571%; background-image:url(https:\/\/www.ovsrl.it\/wp-content\/uploads\/2015\/08\/duplomatic.jpg);'><\/span><\/div><div data-avia-tooltip=\"Hydac\" class='slide-entry flex_column no_margin post-entry slide-entry-overview slide-loop-10 slide-parity-even  av_one_fourth  real-thumbnail'><span class='av-partner-fake-img' style='padding-bottom:66.428571428571%; background-image:url(https:\/\/www.ovsrl.it\/wp-content\/uploads\/2015\/08\/Hydac.jpg);'><\/span><\/div><div data-avia-tooltip=\"Enerpac\" class='slide-entry flex_column no_margin post-entry slide-entry-overview slide-loop-11 slide-parity-odd  av_one_fourth  real-thumbnail'><span class='av-partner-fake-img' style='padding-bottom:66.428571428571%; background-image:url(https:\/\/www.ovsrl.it\/wp-content\/uploads\/2015\/08\/Enerpac.jpg);'><\/span><\/div><div data-avia-tooltip=\"Sauer Danfoss\" class='slide-entry flex_column no_margin post-entry slide-entry-overview slide-loop-12 slide-parity-even  post-entry-last  av_one_fourth  real-thumbnail'><span class='av-partner-fake-img' style='padding-bottom:66.428571428571%; background-image:url(https:\/\/www.ovsrl.it\/wp-content\/uploads\/2015\/08\/Sauer-Danfoss.jpg);'><\/span><\/div><\/div><\/div><\/div><\/p><\/div>\n<\/div><\/div><\/div><!-- close content main div --><\/div><\/div><div id='after_section_3'  class='main_color av_default_container_wrap container_wrap sidebar_right' style=' '  ><div class='container' ><div class='template-page content  av-content-small alpha units'><div class='post-entry post-entry-type-page post-entry-532'><div class='entry-content-wrapper clearfix'>\n","protected":false},"excerpt":{"rendered":"","protected":false},"author":1,"featured_media":0,"parent":0,"menu_order":0,"comment_status":"closed","ping_status":"closed","template":"","meta":{"_monsterinsights_skip_tracking":false,"_monsterinsights_sitenote_active":false,"_monsterinsights_sitenote_note":"","_monsterinsights_sitenote_category":0},"yoast_head":"<!-- This site is optimized with the Yoast SEO plugin v16.2 - https:\/\/yoast.com\/wordpress\/plugins\/seo\/ -->\n<title>Home Page | OV S.r.l.<\/title>\n<meta name=\"robots\" content=\"index, follow, max-snippet:-1, max-image-preview:large, max-video-preview:-1\" \/>\n<link rel=\"canonical\" href=\"https:\/\/www.ovsrl.it\/fr\" \/>\n<meta property=\"og:locale\" content=\"fr_FR\" \/>\n<meta property=\"og:type\" content=\"article\" \/>\n<meta property=\"og:title\" content=\"Home Page | OV S.r.l.\" \/>\n<meta property=\"og:url\" content=\"https:\/\/www.ovsrl.it\/fr\" \/>\n<meta property=\"og:site_name\" content=\"OV S.r.l.\" \/>\n<meta property=\"article:modified_time\" content=\"2020-04-22T13:14:51+00:00\" \/>\n<meta name=\"twitter:card\" content=\"summary\" \/>\n<meta name=\"twitter:label1\" content=\"Dur\u00e9e de lecture est.\">\n\t<meta name=\"twitter:data1\" content=\"9 minutes\">\n<script type=\"application\/ld+json\" class=\"yoast-schema-graph\">{\"@context\":\"https:\/\/schema.org\",\"@graph\":[{\"@type\":\"WebSite\",\"@id\":\"https:\/\/www.ovsrl.it\/#website\",\"url\":\"https:\/\/www.ovsrl.it\/\",\"name\":\"OV S.r.l.\",\"description\":\"Sito web\",\"potentialAction\":[{\"@type\":\"SearchAction\",\"target\":\"https:\/\/www.ovsrl.it\/?s={search_term_string}\",\"query-input\":\"required name=search_term_string\"}],\"inLanguage\":\"fr-FR\"},{\"@type\":\"WebPage\",\"@id\":\"https:\/\/www.ovsrl.it\/fr#webpage\",\"url\":\"https:\/\/www.ovsrl.it\/fr\",\"name\":\"Home Page | OV S.r.l.\",\"isPartOf\":{\"@id\":\"https:\/\/www.ovsrl.it\/#website\"},\"datePublished\":\"2015-08-19T16:33:20+00:00\",\"dateModified\":\"2020-04-22T13:14:51+00:00\",\"breadcrumb\":{\"@id\":\"https:\/\/www.ovsrl.it\/fr#breadcrumb\"},\"inLanguage\":\"fr-FR\",\"potentialAction\":[{\"@type\":\"ReadAction\",\"target\":[\"https:\/\/www.ovsrl.it\/fr\"]}]},{\"@type\":\"BreadcrumbList\",\"@id\":\"https:\/\/www.ovsrl.it\/fr#breadcrumb\",\"itemListElement\":[{\"@type\":\"ListItem\",\"position\":1,\"item\":{\"@type\":\"WebPage\",\"@id\":\"https:\/\/www.ovsrl.it\/fr\",\"url\":\"https:\/\/www.ovsrl.it\/fr\",\"name\":\"Home\"}},{\"@type\":\"ListItem\",\"position\":2,\"item\":{\"@id\":\"https:\/\/www.ovsrl.it\/fr#webpage\"}}]}]}<\/script>\n<!-- \/ Yoast SEO plugin. -->","_links":{"self":[{"href":"https:\/\/www.ovsrl.it\/fr\/wp-json\/wp\/v2\/pages\/532"}],"collection":[{"href":"https:\/\/www.ovsrl.it\/fr\/wp-json\/wp\/v2\/pages"}],"about":[{"href":"https:\/\/www.ovsrl.it\/fr\/wp-json\/wp\/v2\/types\/page"}],"author":[{"embeddable":true,"href":"https:\/\/www.ovsrl.it\/fr\/wp-json\/wp\/v2\/users\/1"}],"replies":[{"embeddable":true,"href":"https:\/\/www.ovsrl.it\/fr\/wp-json\/wp\/v2\/comments?post=532"}],"version-history":[{"count":3,"href":"https:\/\/www.ovsrl.it\/fr\/wp-json\/wp\/v2\/pages\/532\/revisions"}],"predecessor-version":[{"id":768,"href":"https:\/\/www.ovsrl.it\/fr\/wp-json\/wp\/v2\/pages\/532\/revisions\/768"}],"wp:attachment":[{"href":"https:\/\/www.ovsrl.it\/fr\/wp-json\/wp\/v2\/media?parent=532"}],"curies":[{"name":"wp","href":"https:\/\/api.w.org\/{rel}","templated":true}]}}