{"id":530,"date":"2015-08-19T18:33:40","date_gmt":"2015-08-19T16:33:40","guid":{"rendered":"https:\/\/www.ovsrl.it\/azienda"},"modified":"2018-03-26T12:54:27","modified_gmt":"2018-03-26T10:54:27","slug":"lentreprise","status":"publish","type":"page","link":"https:\/\/www.ovsrl.it\/fr\/lentreprise","title":{"rendered":"L\u2019ENTREPRISE"},"content":{"rendered":"<div id='av_section_1'  class='avia-section main_color avia-section-default avia-no-shadow  avia-bg-style-scroll  avia-builder-el-0  avia-builder-el-no-sibling   container_wrap sidebar_right' style=' '  ><div class='container' ><main  role=\"main\" itemprop=\"mainContentOfPage\"  class='template-page content  av-content-small alpha units'><div class='post-entry post-entry-type-page post-entry-530'><div class='entry-content-wrapper clearfix'>\n<div class=\"flex_column av_two_fifth  flex_column_div av-zero-column-padding first  avia-builder-el-1  el_before_av_three_fifth  avia-builder-el-first  \" style='border-radius:0px; '><div   data-size='masonry'  data-lightbox_size='large'  data-animation='slide'  data-conditional_play=''  data-ids='484,486,488,490'  data-video_counter='0'  data-autoplay='true'  data-bg_slider='false'  data-slide_height=''  data-handle='av_slideshow'  data-interval='5'  data-class=' avia-builder-el-2  avia-builder-el-no-sibling  '  data-el_id=''  data-css_id=''  data-scroll_down=''  data-control_layout=''  data-custom_markup=''  data-perma_caption=''  data-autoplay_stopper=''  data-image_attachment=''  data-min_height='0px'  data-default-height='100'  class='avia-slideshow avia-slideshow-1  av-default-height-applied avia-slideshow-masonry av_slideshow  avia-builder-el-2  avia-builder-el-no-sibling   avia-slide-slider '  itemprop=\"image\" itemscope=\"itemscope\" itemtype=\"https:\/\/schema.org\/ImageObject\" ><ul class='avia-slideshow-inner ' style='padding-bottom: 49.078014184397%;' ><li  class=' slide-1 ' ><div data-rel='slideshow-1' class='avia-slide-wrap '   ><img src='https:\/\/www.ovsrl.it\/wp-content\/uploads\/2015\/08\/OV-srl-1-705x346.jpg' width='705' height='346' title='OV srl 1' alt=''  itemprop=\"thumbnailUrl\"   \/><\/div><\/li><li  class=' slide-2 ' ><div data-rel='slideshow-1' class='avia-slide-wrap '   ><img src='https:\/\/www.ovsrl.it\/wp-content\/uploads\/2015\/08\/OV-srl-2-705x400.jpg' width='705' height='400' title='OV srl 2' alt=''  itemprop=\"thumbnailUrl\"   \/><\/div><\/li><li  class=' slide-3 ' ><div data-rel='slideshow-1' class='avia-slide-wrap '   ><img src='https:\/\/www.ovsrl.it\/wp-content\/uploads\/2015\/08\/OV-srl-3-705x374.jpg' width='705' height='374' title='OV srl 3' alt=''  itemprop=\"thumbnailUrl\"   \/><\/div><\/li><li  class=' slide-4 ' ><div data-rel='slideshow-1' class='avia-slide-wrap '   ><img src='https:\/\/www.ovsrl.it\/wp-content\/uploads\/2015\/08\/OV-srl-4-705x342.jpg' width='705' height='342' title='OV srl 4' alt=''  itemprop=\"thumbnailUrl\"   \/><\/div><\/li><\/ul><div class='avia-slideshow-arrows avia-slideshow-controls'><a href='#prev' class='prev-slide' aria-hidden='true' data-av_icon='\ue87c' data-av_iconfont='entypo-fontello'>Pr\u00e9c\u00e9dent<\/a><a href='#next' class='next-slide' aria-hidden='true' data-av_icon='\ue87d' data-av_iconfont='entypo-fontello'>Suivant<\/a><\/div><div class='avia-slideshow-dots avia-slideshow-controls'><a href='#1' class='goto-slide active' >1<\/a><a href='#2' class='goto-slide ' >2<\/a><a href='#3' class='goto-slide ' >3<\/a><a href='#4' class='goto-slide ' >4<\/a><\/div><\/div><\/div><div class=\"flex_column av_three_fifth  flex_column_div av-zero-column-padding   avia-builder-el-3  el_after_av_two_fifth  avia-builder-el-last  \" style='border-radius:0px; '><p><div  style='padding-bottom:10px; ' class='av-special-heading av-special-heading-h2    avia-builder-el-4  el_before_av_textblock  avia-builder-el-first  '><h2 class='av-special-heading-tag '  itemprop=\"headline\"  >L\u2019ENTREPRISE<\/h2><div class='special-heading-border'><div class='special-heading-inner-border' ><\/div><\/div><\/div><br \/>\n<section class=\"av_textblock_section \"  itemscope=\"itemscope\" itemtype=\"https:\/\/schema.org\/CreativeWork\" ><div class='avia_textblock  '   itemprop=\"text\" ><p>OV srl a \u00e9t\u00e9 fond\u00e9e en 2015, apr\u00e8s l&rsquo;acquisition d\u2019une entreprise poss\u00e9dant quarante ans d&rsquo;exp\u00e9rience dans le domaine de l&rsquo;ol\u00e9odynamique et de l&rsquo;automatisation.<\/p>\n<p>La firme OV srl offre un service d&rsquo;automatisation et d&rsquo;ing\u00e9nierie de haut niveau dans tous les secteurs de la production industrielle.<\/p>\n<p>Gr\u00e2ce \u00e0 son service technique et \u00e0 son \u00e9quipe, elle est en mesure de d\u00e9velopper et de r\u00e9aliser des projets d\u00e9di\u00e9s aux secteurs industriels les plus divers, destin\u00e9s avant tout aux besoins des constructeurs de machines et de lignes de production dans tous les secteurs.<\/p>\n<p>OV srl est par cons\u00e9quent en mesure d&rsquo;\u00e9tudier le projet avec le client et de fournir les solutions d&rsquo;automatisation les plus appropri\u00e9es, en fournissant des produits et des services toujours \u00e0 l\u2019avant-garde.<\/p>\n<p>La structure d\u2019OV srl, en particulier, se compose de deux d\u00e9partements techniques, \u00e0 savoir le d\u00e9partement ol\u00e9odynamique et le d\u00e9partement \u00e9lectrique-\u00e9lectronique.<\/p>\n<p>Avec le d\u00e9partement ol\u00e9odynamique, nous sommes en mesure de garantir le d\u00e9veloppement de projets et donc la production de centrales ol\u00e9odynamiques et de lubrification, de cylindres ol\u00e9odynamiques r\u00e9pondant aux normes 6020\/2, 6022, mais \u00e9galement de projets sp\u00e9ciaux d\u00e9finis sur la base du dessin du client ou bien r\u00e9alis\u00e9s au sein de l\u2019entreprise, en fonction des sp\u00e9cifications demand\u00e9es.<\/p>\n<p>Le service \u00e9lectrique\u2013\u00e9lectronique, lui, d\u00e9veloppe des projets d\u2019appareillages \u00e9lectriques de puissance et de contr\u00f4le, de la r\u00e9alisation de logiciels de contr\u00f4le, de gestion, de s\u00e9curit\u00e9 et pour tout autre besoin, avec les syst\u00e8mes de d\u00e9veloppement les plus avanc\u00e9s impos\u00e9s par le march\u00e9.<\/p>\n<p>Il est \u00e9galement possible de disposer de produits \u00e9lectroniques fabriqu\u00e9s par nos soins et d\u00e9di\u00e9s au secteur du moulage \u00e0 chaud et \u00e0 froid, du travail des t\u00f4les, du fil m\u00e9tallique, du papier, etc.<\/p>\n<p>Notre service d\u2019assistance et apr\u00e8s-vente est tr\u00e8s appr\u00e9ci\u00e9 par notre client\u00e8le\u00a0; gr\u00e2ce \u00e0 nos techniciens, nous offrons la possibilit\u00e9 de proc\u00e9der \u00e0 des essais et \u00e0 des mises en service directement sur les chantiers d\u2019installation finale ou bien d\u2019offrir notre aide et une t\u00e9l\u00e9assistance depuis nos bureaux.<\/p>\n<p>OV srl fournit \u00e9galement un service d\u2019assistance directe \u00e0 la client\u00e8le, avec vente de pi\u00e8ces de rechange et un service de pr\u00e9paration et de raccordement de tuyaux ol\u00e9odynamiques au d\u00e9tail, de r\u00e9alisation d\u2019\u00e9quipements \u00e0 bord des machines, etc.<\/p>\n<p>OV srl \u0153uvre dans de tr\u00e8s nombreux secteurs, parmi lesquels\u00a0:<\/p>\n<ul>\n<li>moulage \u00e0 chaud et \u00e0 froid<\/li>\n<li>lignes d\u2019asservissement pour presses<\/li>\n<li>laminage et d\u00e9coupe de t\u00f4le<\/li>\n<li>traitement du papier<\/li>\n<li>secteur \u00e9nerg\u00e9tique, avec installations pour la manutention de cloisons et d\u2019\u00e9cluses pour centrales hydro\u00e9lectriques, et d\u2019installations pour la gestion d\u2019incin\u00e9rateurs avec r\u00e9cup\u00e9ration d\u2019\u00e9nergie et d\u2019installations de combustion<\/li>\n<li>secteur \u00e9nerg\u00e9tique, avec \u00e9tude d\u2019installations pour la gestion de turbines \u00e0 vapeur<\/li>\n<li>installations de levage dans les secteurs industriels et navals<\/li>\n<li>manutention et mise en place<\/li>\n<\/ul>\n<p>Afin de maintenir tr\u00e8s \u00e9lev\u00e9 le niveau de qualit\u00e9 de nos produits, nous offrons des composants en collaboration avec des partenaires de haut niveau, parmi lesquels\u00a0:<\/p>\n<p>Bosch Rexroth, Siemens, Moog, MP Filtri, ABB, Baumueller, Vickers, ATOS, Duplomatic, Hydac, Enerpac, Sauer Danfoss, etc.<\/p>\n<\/div><\/section><\/p><\/div><\/div><\/div><\/main><!-- close content main element --><\/div><\/div><div id='after_section_1'  class='main_color av_default_container_wrap container_wrap sidebar_right' style=' '  ><div class='container' ><div class='template-page content  av-content-small alpha units'><div class='post-entry post-entry-type-page post-entry-530'><div class='entry-content-wrapper clearfix'>\n","protected":false},"excerpt":{"rendered":"","protected":false},"author":1,"featured_media":0,"parent":0,"menu_order":0,"comment_status":"closed","ping_status":"closed","template":"","meta":{"_monsterinsights_skip_tracking":false,"_monsterinsights_sitenote_active":false,"_monsterinsights_sitenote_note":"","_monsterinsights_sitenote_category":0},"yoast_head":"<!-- This site is optimized with the Yoast SEO plugin v16.2 - https:\/\/yoast.com\/wordpress\/plugins\/seo\/ -->\n<title>L\u2019ENTREPRISE | OV S.r.l.<\/title>\n<meta name=\"robots\" content=\"index, follow, max-snippet:-1, max-image-preview:large, max-video-preview:-1\" \/>\n<link rel=\"canonical\" href=\"https:\/\/www.ovsrl.it\/fr\/lentreprise\" \/>\n<meta property=\"og:locale\" content=\"fr_FR\" \/>\n<meta property=\"og:type\" content=\"article\" \/>\n<meta property=\"og:title\" content=\"L\u2019ENTREPRISE | OV S.r.l.\" \/>\n<meta property=\"og:url\" content=\"https:\/\/www.ovsrl.it\/fr\/lentreprise\" \/>\n<meta property=\"og:site_name\" content=\"OV S.r.l.\" \/>\n<meta property=\"article:modified_time\" content=\"2018-03-26T10:54:27+00:00\" \/>\n<meta name=\"twitter:card\" content=\"summary\" \/>\n<meta name=\"twitter:label1\" content=\"Dur\u00e9e de lecture est.\">\n\t<meta name=\"twitter:data1\" content=\"4 minutes\">\n<script type=\"application\/ld+json\" class=\"yoast-schema-graph\">{\"@context\":\"https:\/\/schema.org\",\"@graph\":[{\"@type\":\"WebSite\",\"@id\":\"https:\/\/www.ovsrl.it\/#website\",\"url\":\"https:\/\/www.ovsrl.it\/\",\"name\":\"OV S.r.l.\",\"description\":\"Sito web\",\"potentialAction\":[{\"@type\":\"SearchAction\",\"target\":\"https:\/\/www.ovsrl.it\/?s={search_term_string}\",\"query-input\":\"required name=search_term_string\"}],\"inLanguage\":\"fr-FR\"},{\"@type\":\"WebPage\",\"@id\":\"https:\/\/www.ovsrl.it\/fr\/lentreprise#webpage\",\"url\":\"https:\/\/www.ovsrl.it\/fr\/lentreprise\",\"name\":\"L\\u2019ENTREPRISE | OV S.r.l.\",\"isPartOf\":{\"@id\":\"https:\/\/www.ovsrl.it\/#website\"},\"datePublished\":\"2015-08-19T16:33:40+00:00\",\"dateModified\":\"2018-03-26T10:54:27+00:00\",\"breadcrumb\":{\"@id\":\"https:\/\/www.ovsrl.it\/fr\/lentreprise#breadcrumb\"},\"inLanguage\":\"fr-FR\",\"potentialAction\":[{\"@type\":\"ReadAction\",\"target\":[\"https:\/\/www.ovsrl.it\/fr\/lentreprise\"]}]},{\"@type\":\"BreadcrumbList\",\"@id\":\"https:\/\/www.ovsrl.it\/fr\/lentreprise#breadcrumb\",\"itemListElement\":[{\"@type\":\"ListItem\",\"position\":1,\"item\":{\"@type\":\"WebPage\",\"@id\":\"https:\/\/www.ovsrl.it\/fr\",\"url\":\"https:\/\/www.ovsrl.it\/fr\",\"name\":\"Home\"}},{\"@type\":\"ListItem\",\"position\":2,\"item\":{\"@id\":\"https:\/\/www.ovsrl.it\/fr\/lentreprise#webpage\"}}]}]}<\/script>\n<!-- \/ Yoast SEO plugin. -->","_links":{"self":[{"href":"https:\/\/www.ovsrl.it\/fr\/wp-json\/wp\/v2\/pages\/530"}],"collection":[{"href":"https:\/\/www.ovsrl.it\/fr\/wp-json\/wp\/v2\/pages"}],"about":[{"href":"https:\/\/www.ovsrl.it\/fr\/wp-json\/wp\/v2\/types\/page"}],"author":[{"embeddable":true,"href":"https:\/\/www.ovsrl.it\/fr\/wp-json\/wp\/v2\/users\/1"}],"replies":[{"embeddable":true,"href":"https:\/\/www.ovsrl.it\/fr\/wp-json\/wp\/v2\/comments?post=530"}],"version-history":[{"count":0,"href":"https:\/\/www.ovsrl.it\/fr\/wp-json\/wp\/v2\/pages\/530\/revisions"}],"wp:attachment":[{"href":"https:\/\/www.ovsrl.it\/fr\/wp-json\/wp\/v2\/media?parent=530"}],"curies":[{"name":"wp","href":"https:\/\/api.w.org\/{rel}","templated":true}]}}