{"id":525,"date":"2015-08-19T18:34:28","date_gmt":"2015-08-19T16:34:28","guid":{"rendered":"https:\/\/www.ovsrl.it\/i-nostri-lavori"},"modified":"2018-03-26T13:04:24","modified_gmt":"2018-03-26T11:04:24","slug":"nos-travaux","status":"publish","type":"page","link":"https:\/\/www.ovsrl.it\/fr\/nos-travaux","title":{"rendered":"Nos Travaux"},"content":{"rendered":"<div class=\"flex_column av_one_full  flex_column_div av-zero-column-padding first  avia-builder-el-0  avia-builder-el-no-sibling  \" style='border-radius:0px; '><div  id=\"av-sc-portfolio-1\"  class=\"av-portfolio-grid-sorting-container\"><div class='sort_width_container  av-sort-yes' data-portfolio-id='1' ><div id='js_sort_items' ><div class='sort_by_cat  '><a href=\"#\" data-filter=\"all_sort\" class=\"all_sort_button active_sort\"><span class=\"inner_sort_button\"><span>Tout<\/span><small class=\"av-cat-count\"> 8 <\/small><\/span><\/a><span class='text-sep settore-elettrico-fr_sort_sep'>\/<\/span><a href=\"#\" data-filter=\"settore-elettrico-fr_sort\" class=\"settore-elettrico-fr_sort_button\" ><span class=\"inner_sort_button\"><span>SECTEUR \u00c9LECTRONIQUE<\/span><small class='av-cat-count'> 4 <\/small><\/span><\/a><span class='text-sep settore-oleodinamico-fr_sort_sep'>\/<\/span><a href=\"#\" data-filter=\"settore-oleodinamico-fr_sort\" class=\"settore-oleodinamico-fr_sort_button\" ><span class=\"inner_sort_button\"><span>SECTEUR OL\u00c9ODYNAMIQUE<\/span><small class='av-cat-count'> 4 <\/small><\/span><\/a><\/div><\/div><\/div><div class='portfolio_preview_container ' data-portfolio-id='1'>\n\t\t\t\t\t\t\t\t<div class='ajax_controlls iconfont'>\n\t\t\t\t\t\t\t\t\t<a href='#prev' class='ajax_previous' \taria-hidden='true' data-av_icon='\ue878' data-av_iconfont='entypo-fontello'><\/a>\n\t\t\t\t\t\t\t\t\t<a href='#next' class='ajax_next'\t\taria-hidden='true' data-av_icon='\ue879' data-av_iconfont='entypo-fontello'><\/a>\n\t\t\t\t\t\t\t\t\t<a class='avia_close' href='#close'\t\taria-hidden='true' data-av_icon='\ue814' data-av_iconfont='entypo-fontello'><\/a>\n\t\t\t\t\t\t\t\t<\/div>\n\t\t\t\t\t\t\t\t<div class='portfolio-details-inner'><\/div>\n\t\t\t\t\t\t\t<\/div><div  class=' grid-sort-container isotope   no_margin-container with-title-container grid-total-even grid-col-4 grid-links-ajax' data-portfolio-id='1'><div data-ajax-id='600' class=' grid-entry flex_column isotope-item all_sort no_margin post-entry post-entry-600 grid-entry-overview grid-loop-1 grid-parity-odd  settore-elettrico-fr_sort  av_one_fourth first default_av_fullwidth '><article class='main_color inner-entry'  itemscope=\"itemscope\" itemtype=\"https:\/\/schema.org\/CreativeWork\" ><a href='#' title='Panneaux \u00e9lectriques'  data-rel='grid-1' class='grid-image avia-hover-fx'><img width=\"495\" height=\"400\" src=\"https:\/\/www.ovsrl.it\/wp-content\/uploads\/2015\/08\/CARTELLONE_31-495x400.jpg\" class=\"attachment-portfolio size-portfolio wp-post-image\" alt=\"\" loading=\"lazy\" \/><\/a><div class='grid-content'><div class='avia-arrow'><\/div><header class=\"entry-content-header\"><h3 class='grid-entry-title entry-title '  itemprop=\"headline\" >Panneaux \u00e9lectriques<\/h3><\/header><\/div><footer class=\"entry-footer\"><\/footer><\/article><\/div><div data-ajax-id='603' class=' grid-entry flex_column isotope-item all_sort no_margin post-entry post-entry-603 grid-entry-overview grid-loop-2 grid-parity-even  settore-elettrico-fr_sort  av_one_fourth  default_av_fullwidth '><article class='main_color inner-entry'  itemscope=\"itemscope\" itemtype=\"https:\/\/schema.org\/CreativeWork\" ><a href='#' title='Machines pour l&rsquo;usinage de pr\u00e9cision'  data-rel='grid-1' class='grid-image avia-hover-fx'><img width=\"495\" height=\"400\" src=\"https:\/\/www.ovsrl.it\/wp-content\/uploads\/2015\/08\/1300192-MIKRON_0151-495x400.jpg\" class=\"attachment-portfolio size-portfolio wp-post-image\" alt=\"\" loading=\"lazy\" \/><\/a><div class='grid-content'><div class='avia-arrow'><\/div><header class=\"entry-content-header\"><h3 class='grid-entry-title entry-title '  itemprop=\"headline\" >Machines pour l&rsquo;usinage de pr\u00e9cision<\/h3><\/header><\/div><footer class=\"entry-footer\"><\/footer><\/article><\/div><div data-ajax-id='605' class=' grid-entry flex_column isotope-item all_sort no_margin post-entry post-entry-605 grid-entry-overview grid-loop-3 grid-parity-odd  settore-elettrico-fr_sort  av_one_fourth  default_av_fullwidth '><article class='main_color inner-entry'  itemscope=\"itemscope\" itemtype=\"https:\/\/schema.org\/CreativeWork\" ><a href='#' title='Lignes de coupe'  data-rel='grid-1' class='grid-image avia-hover-fx'><img width=\"495\" height=\"400\" src=\"https:\/\/www.ovsrl.it\/wp-content\/uploads\/2015\/08\/DSB4145-495x400.jpg\" class=\"attachment-portfolio size-portfolio wp-post-image\" alt=\"\" loading=\"lazy\" \/><\/a><div class='grid-content'><div class='avia-arrow'><\/div><header class=\"entry-content-header\"><h3 class='grid-entry-title entry-title '  itemprop=\"headline\" >Lignes de coupe<\/h3><\/header><\/div><footer class=\"entry-footer\"><\/footer><\/article><\/div><div data-ajax-id='608' class=' grid-entry flex_column isotope-item all_sort no_margin post-entry post-entry-608 grid-entry-overview grid-loop-4 grid-parity-even  settore-oleodinamico-fr_sort  av_one_fourth  default_av_fullwidth '><article class='main_color inner-entry'  itemscope=\"itemscope\" itemtype=\"https:\/\/schema.org\/CreativeWork\" ><a href='#' title='Laminage \u00e0 chaud'  data-rel='grid-1' class='grid-image avia-hover-fx'><img width=\"495\" height=\"400\" src=\"https:\/\/www.ovsrl.it\/wp-content\/uploads\/2015\/08\/1200736-739-MINO_0051-495x400.jpg\" class=\"attachment-portfolio size-portfolio wp-post-image\" alt=\"\" loading=\"lazy\" \/><\/a><div class='grid-content'><div class='avia-arrow'><\/div><header class=\"entry-content-header\"><h3 class='grid-entry-title entry-title '  itemprop=\"headline\" >Laminage \u00e0 chaud<\/h3><\/header><\/div><footer class=\"entry-footer\"><\/footer><\/article><\/div><div data-ajax-id='620' class=' grid-entry flex_column isotope-item all_sort no_margin post-entry post-entry-620 grid-entry-overview grid-loop-5 grid-parity-odd  settore-oleodinamico-fr_sort  av_one_fourth first default_av_fullwidth '><article class='main_color inner-entry'  itemscope=\"itemscope\" itemtype=\"https:\/\/schema.org\/CreativeWork\" ><a href='#' title='Estampage \u00e0 chaud'  data-rel='grid-1' class='grid-image avia-hover-fx'><img width=\"495\" height=\"400\" src=\"https:\/\/www.ovsrl.it\/wp-content\/uploads\/2015\/08\/1300775-FARINA_001-495x400.jpg\" class=\"attachment-portfolio size-portfolio wp-post-image\" alt=\"\" loading=\"lazy\" \/><\/a><div class='grid-content'><div class='avia-arrow'><\/div><header class=\"entry-content-header\"><h3 class='grid-entry-title entry-title '  itemprop=\"headline\" >Estampage \u00e0 chaud<\/h3><\/header><\/div><footer class=\"entry-footer\"><\/footer><\/article><\/div><div data-ajax-id='611' class=' grid-entry flex_column isotope-item all_sort no_margin post-entry post-entry-611 grid-entry-overview grid-loop-6 grid-parity-even  settore-elettrico-fr_sort  av_one_fourth  default_av_fullwidth '><article class='main_color inner-entry'  itemscope=\"itemscope\" itemtype=\"https:\/\/schema.org\/CreativeWork\" ><a href='#' title='\u00c9nergie &#8211; Hydro\u00e9lectricit\u00e9 &#8211; Centrales en acier inoxydable'  data-rel='grid-1' class='grid-image avia-hover-fx'><img width=\"495\" height=\"400\" src=\"https:\/\/www.ovsrl.it\/wp-content\/uploads\/2015\/08\/CARTELLONE_51-495x400.jpg\" class=\"attachment-portfolio size-portfolio wp-post-image\" alt=\"\" loading=\"lazy\" \/><\/a><div class='grid-content'><div class='avia-arrow'><\/div><header class=\"entry-content-header\"><h3 class='grid-entry-title entry-title '  itemprop=\"headline\" >\u00c9nergie &#8211; Hydro\u00e9lectricit\u00e9 &#8211; Centrales en acier inoxydable<\/h3><\/header><\/div><footer class=\"entry-footer\"><\/footer><\/article><\/div><div data-ajax-id='614' class=' grid-entry flex_column isotope-item all_sort no_margin post-entry post-entry-614 grid-entry-overview grid-loop-7 grid-parity-odd  settore-oleodinamico-fr_sort  av_one_fourth  default_av_fullwidth '><article class='main_color inner-entry'  itemscope=\"itemscope\" itemtype=\"https:\/\/schema.org\/CreativeWork\" ><a href='#' title='Cylindres hydrauliques'  data-rel='grid-1' class='grid-image avia-hover-fx'><img width=\"495\" height=\"400\" src=\"https:\/\/www.ovsrl.it\/wp-content\/uploads\/2015\/08\/1300204-R.-COMERIO_005-495x400.jpg\" class=\"attachment-portfolio size-portfolio wp-post-image\" alt=\"\" loading=\"lazy\" \/><\/a><div class='grid-content'><div class='avia-arrow'><\/div><header class=\"entry-content-header\"><h3 class='grid-entry-title entry-title '  itemprop=\"headline\" >Cylindres hydrauliques<\/h3><\/header><\/div><footer class=\"entry-footer\"><\/footer><\/article><\/div><div data-ajax-id='617' class=' grid-entry flex_column isotope-item all_sort no_margin post-entry post-entry-617 grid-entry-overview grid-loop-8 grid-parity-even  post-entry-last  settore-oleodinamico-fr_sort  av_one_fourth  default_av_fullwidth '><article class='main_color inner-entry'  itemscope=\"itemscope\" itemtype=\"https:\/\/schema.org\/CreativeWork\" ><a href='#' title='Centrales Ol\u00e9odynamique'  data-rel='grid-1' class='grid-image avia-hover-fx'><img width=\"495\" height=\"400\" src=\"https:\/\/www.ovsrl.it\/wp-content\/uploads\/2015\/08\/TECHINT1-495x400.jpg\" class=\"attachment-portfolio size-portfolio wp-post-image\" alt=\"\" loading=\"lazy\" \/><\/a><div class='grid-content'><div class='avia-arrow'><\/div><header class=\"entry-content-header\"><h3 class='grid-entry-title entry-title '  itemprop=\"headline\" >Centrales Ol\u00e9odynamique<\/h3><\/header><\/div><footer class=\"entry-footer\"><\/footer><\/article><\/div><\/div><\/div>   <!--   class=\"av-portfolio-grid-sorting-container\"  --><\/div>\n","protected":false},"excerpt":{"rendered":"","protected":false},"author":1,"featured_media":0,"parent":0,"menu_order":0,"comment_status":"closed","ping_status":"closed","template":"","meta":{"_monsterinsights_skip_tracking":false,"_monsterinsights_sitenote_active":false,"_monsterinsights_sitenote_note":"","_monsterinsights_sitenote_category":0},"yoast_head":"<!-- This site is optimized with the Yoast SEO plugin v16.2 - https:\/\/yoast.com\/wordpress\/plugins\/seo\/ -->\n<title>Nos Travaux | OV S.r.l.<\/title>\n<meta name=\"robots\" content=\"index, follow, max-snippet:-1, max-image-preview:large, max-video-preview:-1\" \/>\n<link rel=\"canonical\" href=\"https:\/\/www.ovsrl.it\/fr\/nos-travaux\" \/>\n<meta property=\"og:locale\" content=\"fr_FR\" \/>\n<meta property=\"og:type\" content=\"article\" \/>\n<meta property=\"og:title\" content=\"Nos Travaux | OV S.r.l.\" \/>\n<meta property=\"og:url\" content=\"https:\/\/www.ovsrl.it\/fr\/nos-travaux\" \/>\n<meta property=\"og:site_name\" content=\"OV S.r.l.\" \/>\n<meta property=\"article:modified_time\" content=\"2018-03-26T11:04:24+00:00\" \/>\n<meta name=\"twitter:card\" content=\"summary\" \/>\n<script type=\"application\/ld+json\" class=\"yoast-schema-graph\">{\"@context\":\"https:\/\/schema.org\",\"@graph\":[{\"@type\":\"WebSite\",\"@id\":\"https:\/\/www.ovsrl.it\/#website\",\"url\":\"https:\/\/www.ovsrl.it\/\",\"name\":\"OV S.r.l.\",\"description\":\"Sito web\",\"potentialAction\":[{\"@type\":\"SearchAction\",\"target\":\"https:\/\/www.ovsrl.it\/?s={search_term_string}\",\"query-input\":\"required name=search_term_string\"}],\"inLanguage\":\"fr-FR\"},{\"@type\":\"WebPage\",\"@id\":\"https:\/\/www.ovsrl.it\/fr\/nos-travaux#webpage\",\"url\":\"https:\/\/www.ovsrl.it\/fr\/nos-travaux\",\"name\":\"Nos Travaux | OV S.r.l.\",\"isPartOf\":{\"@id\":\"https:\/\/www.ovsrl.it\/#website\"},\"datePublished\":\"2015-08-19T16:34:28+00:00\",\"dateModified\":\"2018-03-26T11:04:24+00:00\",\"breadcrumb\":{\"@id\":\"https:\/\/www.ovsrl.it\/fr\/nos-travaux#breadcrumb\"},\"inLanguage\":\"fr-FR\",\"potentialAction\":[{\"@type\":\"ReadAction\",\"target\":[\"https:\/\/www.ovsrl.it\/fr\/nos-travaux\"]}]},{\"@type\":\"BreadcrumbList\",\"@id\":\"https:\/\/www.ovsrl.it\/fr\/nos-travaux#breadcrumb\",\"itemListElement\":[{\"@type\":\"ListItem\",\"position\":1,\"item\":{\"@type\":\"WebPage\",\"@id\":\"https:\/\/www.ovsrl.it\/fr\",\"url\":\"https:\/\/www.ovsrl.it\/fr\",\"name\":\"Home\"}},{\"@type\":\"ListItem\",\"position\":2,\"item\":{\"@id\":\"https:\/\/www.ovsrl.it\/fr\/nos-travaux#webpage\"}}]}]}<\/script>\n<!-- \/ Yoast SEO plugin. -->","_links":{"self":[{"href":"https:\/\/www.ovsrl.it\/fr\/wp-json\/wp\/v2\/pages\/525"}],"collection":[{"href":"https:\/\/www.ovsrl.it\/fr\/wp-json\/wp\/v2\/pages"}],"about":[{"href":"https:\/\/www.ovsrl.it\/fr\/wp-json\/wp\/v2\/types\/page"}],"author":[{"embeddable":true,"href":"https:\/\/www.ovsrl.it\/fr\/wp-json\/wp\/v2\/users\/1"}],"replies":[{"embeddable":true,"href":"https:\/\/www.ovsrl.it\/fr\/wp-json\/wp\/v2\/comments?post=525"}],"version-history":[{"count":0,"href":"https:\/\/www.ovsrl.it\/fr\/wp-json\/wp\/v2\/pages\/525\/revisions"}],"wp:attachment":[{"href":"https:\/\/www.ovsrl.it\/fr\/wp-json\/wp\/v2\/media?parent=525"}],"curies":[{"name":"wp","href":"https:\/\/api.w.org\/{rel}","templated":true}]}}