{"id":522,"date":"2015-10-10T17:28:27","date_gmt":"2015-10-10T15:28:27","guid":{"rendered":"https:\/\/www.ovsrl.it\/sistema-guida-nastro-per-carta-altf2-r"},"modified":"2015-10-10T17:28:27","modified_gmt":"2015-10-10T15:28:27","slug":"sistema-guida-nastro-per-carta-altf2-r","status":"publish","type":"page","link":"https:\/\/www.ovsrl.it\/fr\/sistema-guida-nastro-per-carta-altf2-r","title":{"rendered":"Sistema Guida Nastro per Carta ALTF2-R"},"content":{"rendered":"<div align=\"left\"><a href=\"https:\/\/www.ovsrl.it\/wp-content\/uploads\/2015\/08\/sistema-guida-nastro-per-settore-carta.jpg\"><img loading=\"lazy\" class=\"size-medium wp-image-245 alignright\" src=\"https:\/\/www.ovsrl.it\/wp-content\/uploads\/2015\/08\/sistema-guida-nastro-per-settore-carta-300x260.jpg\" alt=\"sistema guida nastro per settore carta\" width=\"300\" height=\"260\" srcset=\"https:\/\/www.ovsrl.it\/wp-content\/uploads\/2015\/08\/sistema-guida-nastro-per-settore-carta-300x260.jpg 300w, https:\/\/www.ovsrl.it\/wp-content\/uploads\/2015\/08\/sistema-guida-nastro-per-settore-carta-450x390.jpg 450w, https:\/\/www.ovsrl.it\/wp-content\/uploads\/2015\/08\/sistema-guida-nastro-per-settore-carta.jpg 554w\" sizes=\"(max-width: 300px) 100vw, 300px\" \/><\/a><\/div>\n<div id=\"wb_Text1\" align=\"left\"><span style=\"color: #000000; font-family: Arial;\">Il sistema guida nastro per settore carta ALTF2-R si distingue per la sua semplicit\u00e0, alta velocit\u00e0 di risposta, elevata affidabilit\u00e0 ed immunit\u00e0 dai disturbi.<br \/>\nIl sistema ha la possibilit\u00e0 di pilotare attuatori idraulici (valvole proporzionali o servovalvole) o elettrici senza la necessit\u00e0 di utilizzare schede esterne aggiuntive.<\/span><\/div>\n<div id=\"wb_Image4\" align=\"left\"><\/div>\n<div id=\"wb_Image5\" align=\"left\"><span style=\"color: #ff0000; font-family: Arial;\"><b><i>Caratteristiche del ALTF2-R :<\/i><\/b><br \/>\n<\/span><span style=\"color: #000000; font-family: Arial;\">&#8211; Alimentazione ad ampia banda: 100-240Vac;<br \/>\n&#8211; Tastiera a membrana;<br \/>\n&#8211; Taratura automatica dei contrasti;<br \/>\n&#8211; Men\u00f9 avanzati per configurazioni personalizzate;<br \/>\n&#8211; Possibilit\u00e0 di memorizzazione di 10 tarature;<br \/>\n&#8211; Installazione rapida con connettori;<br \/>\n&#8211; Funzione di precentraggio aspo;<br \/>\n&#8211; Funzione di guida su linea interrotta;<br \/>\n&#8211; Funzione di selezione del lato guida;<br \/>\n&#8211; Gestione del segnale di blocco dell&rsquo;aspo;<br \/>\n&#8211; Filtro di controllo P.I.D. ad elevata linearit\u00e0.<\/span><\/div>\n<div id=\"wb_Text3\" align=\"left\"><span style=\"color: #ff0000; font-family: Arial;\"><b><i>Opzioni :<br \/>\n<\/i><\/b><\/span><span style=\"color: #000000; font-family: Arial;\">&#8211; Sensore ottico a tasteggio;<br \/>\n&#8211; Sensore ottico a riflessione;<br \/>\n&#8211; Uscita analogica per attuatore idraulico proporzionale (+\/-10V);<br \/>\n&#8211; Uscita analogica per attuatore idraulico con servovalvola (+\/-100mA);<br \/>\n&#8211; Uscita analogica per attuatore elettrico lineare o telaio rotante (+\/-10V);<br \/>\n&#8211; Attuatore elettrico con carrello;<br \/>\n&#8211; Uscita analogica per attuatore idraulico proporzionale on-board (uscita max 2A).<\/span><\/div>\n","protected":false},"excerpt":{"rendered":"<p>Il sistema guida nastro per settore carta ALTF2-R si distingue per la sua semplicit\u00e0, alta velocit\u00e0 di risposta, elevata affidabilit\u00e0 ed immunit\u00e0 dai disturbi. Il sistema ha la possibilit\u00e0 di pilotare attuatori idraulici (valvole proporzionali o servovalvole) o elettrici senza la necessit\u00e0 di utilizzare schede esterne aggiuntive. Caratteristiche del ALTF2-R : &#8211; Alimentazione ad ampia [&hellip;]<\/p>\n","protected":false},"author":1,"featured_media":0,"parent":0,"menu_order":0,"comment_status":"closed","ping_status":"closed","template":"","meta":{"_monsterinsights_skip_tracking":false,"_monsterinsights_sitenote_active":false,"_monsterinsights_sitenote_note":"","_monsterinsights_sitenote_category":0},"yoast_head":"<!-- This site is optimized with the Yoast SEO plugin v16.2 - https:\/\/yoast.com\/wordpress\/plugins\/seo\/ -->\n<title>Sistema Guida Nastro per Carta ALTF2-R | OV S.r.l.<\/title>\n<meta name=\"robots\" content=\"index, follow, max-snippet:-1, max-image-preview:large, max-video-preview:-1\" \/>\n<link rel=\"canonical\" href=\"https:\/\/www.ovsrl.it\/fr\/sistema-guida-nastro-per-carta-altf2-r\" \/>\n<meta property=\"og:locale\" content=\"fr_FR\" \/>\n<meta property=\"og:type\" content=\"article\" \/>\n<meta property=\"og:title\" content=\"Sistema Guida Nastro per Carta ALTF2-R | OV S.r.l.\" \/>\n<meta property=\"og:description\" content=\"Il sistema guida nastro per settore carta ALTF2-R si distingue per la sua semplicit\u00e0, alta velocit\u00e0 di risposta, elevata affidabilit\u00e0 ed immunit\u00e0 dai disturbi. Il sistema ha la possibilit\u00e0 di pilotare attuatori idraulici (valvole proporzionali o servovalvole) o elettrici senza la necessit\u00e0 di utilizzare schede esterne aggiuntive. Caratteristiche del ALTF2-R : &#8211; Alimentazione ad ampia [&hellip;]\" \/>\n<meta property=\"og:url\" content=\"https:\/\/www.ovsrl.it\/fr\/sistema-guida-nastro-per-carta-altf2-r\" \/>\n<meta property=\"og:site_name\" content=\"OV S.r.l.\" \/>\n<meta property=\"og:image\" content=\"https:\/\/www.ovsrl.it\/wp-content\/uploads\/2015\/08\/sistema-guida-nastro-per-settore-carta-300x260.jpg\" \/>\n<meta name=\"twitter:card\" content=\"summary\" \/>\n<meta name=\"twitter:label1\" content=\"Dur\u00e9e de lecture est.\">\n\t<meta name=\"twitter:data1\" content=\"1 minute\">\n<script type=\"application\/ld+json\" class=\"yoast-schema-graph\">{\"@context\":\"https:\/\/schema.org\",\"@graph\":[{\"@type\":\"WebSite\",\"@id\":\"https:\/\/www.ovsrl.it\/#website\",\"url\":\"https:\/\/www.ovsrl.it\/\",\"name\":\"OV S.r.l.\",\"description\":\"Sito web\",\"potentialAction\":[{\"@type\":\"SearchAction\",\"target\":\"https:\/\/www.ovsrl.it\/?s={search_term_string}\",\"query-input\":\"required name=search_term_string\"}],\"inLanguage\":\"fr-FR\"},{\"@type\":\"ImageObject\",\"@id\":\"https:\/\/www.ovsrl.it\/fr\/sistema-guida-nastro-per-carta-altf2-r#primaryimage\",\"inLanguage\":\"fr-FR\",\"url\":\"https:\/\/www.ovsrl.it\/wp-content\/uploads\/2015\/08\/sistema-guida-nastro-per-settore-carta.jpg\",\"contentUrl\":\"https:\/\/www.ovsrl.it\/wp-content\/uploads\/2015\/08\/sistema-guida-nastro-per-settore-carta.jpg\",\"width\":554,\"height\":480},{\"@type\":\"WebPage\",\"@id\":\"https:\/\/www.ovsrl.it\/fr\/sistema-guida-nastro-per-carta-altf2-r#webpage\",\"url\":\"https:\/\/www.ovsrl.it\/fr\/sistema-guida-nastro-per-carta-altf2-r\",\"name\":\"Sistema Guida Nastro per Carta ALTF2-R | OV S.r.l.\",\"isPartOf\":{\"@id\":\"https:\/\/www.ovsrl.it\/#website\"},\"primaryImageOfPage\":{\"@id\":\"https:\/\/www.ovsrl.it\/fr\/sistema-guida-nastro-per-carta-altf2-r#primaryimage\"},\"datePublished\":\"2015-10-10T15:28:27+00:00\",\"dateModified\":\"2015-10-10T15:28:27+00:00\",\"breadcrumb\":{\"@id\":\"https:\/\/www.ovsrl.it\/fr\/sistema-guida-nastro-per-carta-altf2-r#breadcrumb\"},\"inLanguage\":\"fr-FR\",\"potentialAction\":[{\"@type\":\"ReadAction\",\"target\":[\"https:\/\/www.ovsrl.it\/fr\/sistema-guida-nastro-per-carta-altf2-r\"]}]},{\"@type\":\"BreadcrumbList\",\"@id\":\"https:\/\/www.ovsrl.it\/fr\/sistema-guida-nastro-per-carta-altf2-r#breadcrumb\",\"itemListElement\":[{\"@type\":\"ListItem\",\"position\":1,\"item\":{\"@type\":\"WebPage\",\"@id\":\"https:\/\/www.ovsrl.it\/fr\",\"url\":\"https:\/\/www.ovsrl.it\/fr\",\"name\":\"Home\"}},{\"@type\":\"ListItem\",\"position\":2,\"item\":{\"@id\":\"https:\/\/www.ovsrl.it\/fr\/sistema-guida-nastro-per-carta-altf2-r#webpage\"}}]}]}<\/script>\n<!-- \/ Yoast SEO plugin. -->","_links":{"self":[{"href":"https:\/\/www.ovsrl.it\/fr\/wp-json\/wp\/v2\/pages\/522"}],"collection":[{"href":"https:\/\/www.ovsrl.it\/fr\/wp-json\/wp\/v2\/pages"}],"about":[{"href":"https:\/\/www.ovsrl.it\/fr\/wp-json\/wp\/v2\/types\/page"}],"author":[{"embeddable":true,"href":"https:\/\/www.ovsrl.it\/fr\/wp-json\/wp\/v2\/users\/1"}],"replies":[{"embeddable":true,"href":"https:\/\/www.ovsrl.it\/fr\/wp-json\/wp\/v2\/comments?post=522"}],"version-history":[{"count":0,"href":"https:\/\/www.ovsrl.it\/fr\/wp-json\/wp\/v2\/pages\/522\/revisions"}],"wp:attachment":[{"href":"https:\/\/www.ovsrl.it\/fr\/wp-json\/wp\/v2\/media?parent=522"}],"curies":[{"name":"wp","href":"https:\/\/api.w.org\/{rel}","templated":true}]}}