{"id":420,"date":"2015-08-19T18:34:43","date_gmt":"2015-08-19T16:34:43","guid":{"rendered":"https:\/\/www.ovsrl.it\/contattaci?lang=en"},"modified":"2018-06-28T16:20:29","modified_gmt":"2018-06-28T14:20:29","slug":"contact-us","status":"publish","type":"page","link":"https:\/\/www.ovsrl.it\/en\/contact-us","title":{"rendered":"Contact us"},"content":{"rendered":"\n<\/div><\/div><\/div><!-- close content main div --><\/div><\/div><div id='av_section_1'  class='avia-section alternate_color avia-section-default avia-no-shadow  avia-bg-style-scroll  avia-builder-el-1  el_after_av_codeblock  avia-builder-el-last   container_wrap sidebar_right' style=' '  ><div class='container' ><div class='template-page content  av-content-small alpha units'><div class='post-entry post-entry-type-page post-entry-420'><div class='entry-content-wrapper clearfix'>\n<div class=\"flex_column av_one_full  flex_column_div av-zero-column-padding first  avia-builder-el-2  el_before_av_one_full  avia-builder-el-first  \" style='border-radius:0px; '><section class=\"av_textblock_section \"  itemscope=\"itemscope\" itemtype=\"https:\/\/schema.org\/CreativeWork\" ><div class='avia_textblock  '   itemprop=\"text\" ><section class=\"av_textblock_section\">\n<div class=\"avia_textblock \">\n<p><strong>OV srl<\/strong><\/p>\n<p>Via Altobello 5\/7 Oggiono \u201323848 Lecco &#8211;<\/p>\n<p>Tel.: +39 0341 582240<\/p>\n<p>Fax: +39 0341 580727<\/p>\n<\/div>\n<\/section>\n<section class=\"av_textblock_section\">\n<div class=\"avia_textblock \"><\/div>\n<\/section>\n<p>E-Mail: <a href=\"mailto:ovsrl@ovsrl.it\">ovsrl@ovsrl.it<\/a><\/p>\n<\/div><\/section><\/div><div class=\"flex_column av_one_full  flex_column_div av-zero-column-padding first  avia-builder-el-4  el_after_av_one_full  avia-builder-el-last  column-top-margin\" style='border-radius:0px; '><section class=\"av_textblock_section \"  itemscope=\"itemscope\" itemtype=\"https:\/\/schema.org\/CreativeWork\" ><div class='avia_textblock  '   itemprop=\"text\" ><section class=\"av_textblock_section\">\n<div class=\"avia_textblock \">\n<h3>GDPR\u00a0 2016\/679<\/h3>\n<ul>\n<li>Tutti i messaggi e gli eventuali suoi allegati sono di natura aziendale, prevalentemente confidenziale e sono visionabili solo dal destinatario di posta elettronica. La risposta o l\u2019eventuale invio spontaneo da parte vostra di e-mail al nostro indirizzo potrebbero non assicurare la confidenzialit\u00e0 potendo essere viste da altri soggetti appartenenti all\u2019Azienda oltre che al firmatario della presente, per finalit\u00e0 di sicurezza informatica, amministrative e allo scopo del continuo svolgimento dell\u2019attivit\u00e0 aziendale. Qualora un nostro messaggio vi fosse pervenuto per errore, vi preghiamo di cancellarlo dal vostro sistema e vi chiediamo di volercene dare cortesemente comunicazione al mittente.<\/li>\n<li>La Vs. mail \u00e8 in ns. possesso in quanto da Voi fornitaci tramite comunicazione scritta, telefonica, telematica o direttamente oralmente. Essa \u00e8 utilizzata esclusivamente per fornirVi informazioni sulla ns. attivit\u00e0 e sui servizi da noi offerti. Non sar\u00e0 ceduta a terzi in nessun caso salvo approvazione da parte Vostra. Il Titolare del trattamento \u00e8 OV s.r.l. I ns. sistemi informativi e le ns. procedure interne sono conformi alle norme e garantiamo la presenza di adeguate misure tecniche ed organizzative costantemente aggiornate.<\/li>\n<li>E\u2019 possibile in qualsiasi momento richiedere la cancellazione della Vs. mail tramite il semplice invio di una mail a <u><a href=\"mailto:ovsrl@ovsrl.it\">ovsrl@ovsrl.it<\/a><\/u> con titolo unsubscribe<\/li>\n<\/ul>\n<\/div>\n<\/section>\n<\/div><\/section><\/div><\/div><\/div><\/div><!-- close content main div --><\/div><\/div><div id='after_section_1'  class='main_color av_default_container_wrap container_wrap sidebar_right' style=' '  ><div class='container' ><div class='template-page content  av-content-small alpha units'><div class='post-entry post-entry-type-page post-entry-420'><div class='entry-content-wrapper clearfix'>\n","protected":false},"excerpt":{"rendered":"","protected":false},"author":1,"featured_media":0,"parent":0,"menu_order":0,"comment_status":"closed","ping_status":"closed","template":"","meta":{"_monsterinsights_skip_tracking":false,"_monsterinsights_sitenote_active":false,"_monsterinsights_sitenote_note":"","_monsterinsights_sitenote_category":0},"yoast_head":"<!-- This site is optimized with the Yoast SEO plugin v16.2 - https:\/\/yoast.com\/wordpress\/plugins\/seo\/ -->\n<title>Contact us | OV srl<\/title>\n<meta name=\"robots\" content=\"index, follow, max-snippet:-1, max-image-preview:large, max-video-preview:-1\" \/>\n<link rel=\"canonical\" href=\"https:\/\/www.ovsrl.it\/en\/contact-us\" \/>\n<meta property=\"og:locale\" content=\"en_US\" \/>\n<meta property=\"og:type\" content=\"article\" \/>\n<meta property=\"og:title\" content=\"Contact us | OV srl\" \/>\n<meta property=\"og:url\" content=\"https:\/\/www.ovsrl.it\/en\/contact-us\" \/>\n<meta property=\"og:site_name\" content=\"OV srl\" \/>\n<meta property=\"article:modified_time\" content=\"2018-06-28T14:20:29+00:00\" \/>\n<meta property=\"og:image\" content=\"https:\/\/www.ovsrl.it\/wp-content\/uploads\/2015\/08\/logo-ov-80x80.png\" \/>\n<meta name=\"twitter:card\" content=\"summary\" \/>\n<meta name=\"twitter:label1\" content=\"Est. reading time\">\n\t<meta name=\"twitter:data1\" content=\"2 minutes\">\n<script type=\"application\/ld+json\" class=\"yoast-schema-graph\">{\"@context\":\"https:\/\/schema.org\",\"@graph\":[{\"@type\":\"WebSite\",\"@id\":\"https:\/\/www.ovsrl.it\/#website\",\"url\":\"https:\/\/www.ovsrl.it\/\",\"name\":\"OV srl\",\"description\":\"Sito web\",\"potentialAction\":[{\"@type\":\"SearchAction\",\"target\":\"https:\/\/www.ovsrl.it\/?s={search_term_string}\",\"query-input\":\"required name=search_term_string\"}],\"inLanguage\":\"en-US\"},{\"@type\":\"ImageObject\",\"@id\":\"https:\/\/www.ovsrl.it\/en\/contact-us#primaryimage\",\"inLanguage\":\"en-US\",\"url\":\"https:\/\/www.ovsrl.it\/wp-content\/uploads\/2015\/08\/logo-ov.png\",\"contentUrl\":\"https:\/\/www.ovsrl.it\/wp-content\/uploads\/2015\/08\/logo-ov.png\",\"width\":459,\"height\":300},{\"@type\":\"WebPage\",\"@id\":\"https:\/\/www.ovsrl.it\/en\/contact-us#webpage\",\"url\":\"https:\/\/www.ovsrl.it\/en\/contact-us\",\"name\":\"Contact us | OV srl\",\"isPartOf\":{\"@id\":\"https:\/\/www.ovsrl.it\/#website\"},\"primaryImageOfPage\":{\"@id\":\"https:\/\/www.ovsrl.it\/en\/contact-us#primaryimage\"},\"datePublished\":\"2015-08-19T16:34:43+00:00\",\"dateModified\":\"2018-06-28T14:20:29+00:00\",\"breadcrumb\":{\"@id\":\"https:\/\/www.ovsrl.it\/en\/contact-us#breadcrumb\"},\"inLanguage\":\"en-US\",\"potentialAction\":[{\"@type\":\"ReadAction\",\"target\":[\"https:\/\/www.ovsrl.it\/en\/contact-us\"]}]},{\"@type\":\"BreadcrumbList\",\"@id\":\"https:\/\/www.ovsrl.it\/en\/contact-us#breadcrumb\",\"itemListElement\":[{\"@type\":\"ListItem\",\"position\":1,\"item\":{\"@type\":\"WebPage\",\"@id\":\"https:\/\/www.ovsrl.it\/en\",\"url\":\"https:\/\/www.ovsrl.it\/en\",\"name\":\"Home\"}},{\"@type\":\"ListItem\",\"position\":2,\"item\":{\"@id\":\"https:\/\/www.ovsrl.it\/en\/contact-us#webpage\"}}]}]}<\/script>\n<!-- \/ Yoast SEO plugin. -->","_links":{"self":[{"href":"https:\/\/www.ovsrl.it\/en\/wp-json\/wp\/v2\/pages\/420"}],"collection":[{"href":"https:\/\/www.ovsrl.it\/en\/wp-json\/wp\/v2\/pages"}],"about":[{"href":"https:\/\/www.ovsrl.it\/en\/wp-json\/wp\/v2\/types\/page"}],"author":[{"embeddable":true,"href":"https:\/\/www.ovsrl.it\/en\/wp-json\/wp\/v2\/users\/1"}],"replies":[{"embeddable":true,"href":"https:\/\/www.ovsrl.it\/en\/wp-json\/wp\/v2\/comments?post=420"}],"version-history":[{"count":0,"href":"https:\/\/www.ovsrl.it\/en\/wp-json\/wp\/v2\/pages\/420\/revisions"}],"wp:attachment":[{"href":"https:\/\/www.ovsrl.it\/en\/wp-json\/wp\/v2\/media?parent=420"}],"curies":[{"name":"wp","href":"https:\/\/api.w.org\/{rel}","templated":true}]}}